{"id":1157,"date":"2023-09-15T11:38:49","date_gmt":"2023-09-15T11:38:49","guid":{"rendered":"https:\/\/mbchef.ca?page_id=1157"},"modified":"2024-08-12T06:47:08","modified_gmt":"2024-08-12T13:47:08","slug":"affirm-payment-plan","status":"publish","type":"page","link":"https:\/\/mbchef.ca\/fr_ca\/affirm-payment-plan\/","title":{"rendered":"Confirmer le plan de paiement"},"content":{"rendered":"<div data-elementor-type=\"wp-page\" data-elementor-id=\"1157\" class=\"elementor elementor-1157\" data-elementor-post-type=\"page\">\n\t\t\t\t\t\t<section class=\"elementor-section elementor-top-section elementor-element elementor-element-cae2531 elementor-section-stretched elementor-section-height-min-height elementor-section-boxed elementor-section-height-default elementor-section-items-middle\" data-id=\"cae2531\" data-element_type=\"section\" data-settings=\"{&quot;stretch_section&quot;:&quot;section-stretched&quot;,&quot;background_background&quot;:&quot;classic&quot;}\">\n\t\t\t\t\t\t<div class=\"elementor-container elementor-column-gap-default\">\n\t\t\t\t\t<div class=\"elementor-column elementor-col-100 elementor-top-column elementor-element elementor-element-33aa42e\" data-id=\"33aa42e\" data-element_type=\"column\">\n\t\t\t<div class=\"elementor-widget-wrap elementor-element-populated\">\n\t\t\t\t\t\t<div class=\"elementor-element elementor-element-75015b9 elementor-hidden-desktop elementor-hidden-tablet elementor-widget elementor-widget-heading\" data-id=\"75015b9\" data-element_type=\"widget\" data-widget_type=\"heading.default\">\n\t\t\t\t<div class=\"elementor-widget-container\">\n\t\t\t\t\t<h2 class=\"elementor-heading-title elementor-size-default\">Confirmer le plan de paiement<\/h2>\t\t\t\t<\/div>\n\t\t\t\t<\/div>\n\t\t\t\t<div class=\"elementor-element elementor-element-337f7ee elementor-hidden-tablet elementor-hidden-mobile elementor-widget elementor-widget-heading\" data-id=\"337f7ee\" data-element_type=\"widget\" data-widget_type=\"heading.default\">\n\t\t\t\t<div class=\"elementor-widget-container\">\n\t\t\t\t\t<h2 class=\"elementor-heading-title elementor-size-default\">Confirmer le plan de paiement<\/h2>\t\t\t\t<\/div>\n\t\t\t\t<\/div>\n\t\t\t\t\t<\/div>\n\t\t<\/div>\n\t\t\t\t\t<\/div>\n\t\t<\/section>\n\t\t\t\t<section class=\"elementor-section elementor-top-section elementor-element elementor-element-387a0c5 elementor-section-boxed elementor-section-height-default elementor-section-height-default\" data-id=\"387a0c5\" data-element_type=\"section\">\n\t\t\t\t\t\t<div class=\"elementor-container elementor-column-gap-default\">\n\t\t\t\t\t<div class=\"elementor-column elementor-col-100 elementor-top-column elementor-element elementor-element-5d52f8c\" data-id=\"5d52f8c\" data-element_type=\"column\">\n\t\t\t<div class=\"elementor-widget-wrap elementor-element-populated\">\n\t\t\t\t\t\t<div class=\"elementor-element elementor-element-fa41b07 elementor-widget-divider--view-line elementor-widget elementor-widget-divider\" data-id=\"fa41b07\" data-element_type=\"widget\" data-widget_type=\"divider.default\">\n\t\t\t\t<div class=\"elementor-widget-container\">\n\t\t\t\t\t\t\t<div class=\"elementor-divider\">\n\t\t\t<span class=\"elementor-divider-separator\">\n\t\t\t\t\t\t<\/span>\n\t\t<\/div>\n\t\t\t\t\t\t<\/div>\n\t\t\t\t<\/div>\n\t\t\t\t\t<\/div>\n\t\t<\/div>\n\t\t\t\t\t<\/div>\n\t\t<\/section>\n\t\t\t\t<section class=\"elementor-section elementor-top-section elementor-element elementor-element-a52269b elementor-section-boxed elementor-section-height-default elementor-section-height-default\" data-id=\"a52269b\" data-element_type=\"section\">\n\t\t\t\t\t\t<div class=\"elementor-container elementor-column-gap-default\">\n\t\t\t\t\t<div class=\"elementor-column elementor-col-100 elementor-top-column elementor-element elementor-element-4d6d687\" data-id=\"4d6d687\" data-element_type=\"column\">\n\t\t\t<div class=\"elementor-widget-wrap elementor-element-populated\">\n\t\t\t\t\t\t<div class=\"elementor-element elementor-element-12e8303 elementor-widget elementor-widget-text-editor\" data-id=\"12e8303\" data-element_type=\"widget\" data-widget_type=\"text-editor.default\">\n\t\t\t\t<div class=\"elementor-widget-container\">\n\t\t\t\t\t\t\t\t\t<p>We&#8217;re excited to bring you the extraordinary world of MBChef, and we&#8217;re thrilled to announce our partnership with Affirm to make it even more accessible. With Affirm, you can now enjoy the exceptional MBChef and pay for them over time, without the need for upfront, full payments.<\/p>\n<p><strong>How Do Affirm Payment Plans Work?<\/strong><\/p>\n<p>When you choose an Affirm payment plan, you&#8217;re utilizing Affirm as a financial partner. Affirm covers the entire cost of your MBChef grill purchase upfront, and you&#8217;re then responsible for repaying the principal amount and any applicable interest directly to Affirm.<\/p>\n<p><strong>When Can I Use Affirm as a Payment Option?<\/strong><\/p>\n<p>If you&#8217;re approved, you can opt for an Affirm payment plan when making a purchase of $300 or more on mbchef.ca.<\/p>\n<p><strong>Have Questions About Your Affirm Payment Plan?<\/strong><\/p>\n<p>Should you have any inquiries about your Affirm payment plan, need to make a payment, update your payment details, or have any other concerns, please don&#8217;t hesitate to reach out to Affirm&#8217;s dedicated Customer Support team.<\/p>\n<p><strong>Affirm Contact Information<\/strong><\/p>\n<p>Affirm Customer Service Phone Number: 855-423-3729<\/p>\n<p>Affirm Help Center: https:\/\/helpcenter.affirm.com<\/p>\n<p><b>Options de paiement via Affirm Canada Holdings Ltd. (\u00ab Affirm \u00bb). Votre taux annuel en pourcentage (TAEG) variera entre 0 % et 31,99 % (l\u00e0 o\u00f9 cela est disponible et sous r\u00e9serve des limitations r\u00e9glementaires provinciales). Le TAEG offert d\u00e9pend de votre solvabilit\u00e9 et est soumis \u00e0 une v\u00e9rification d\u2019\u00e9ligibilit\u00e9. Tous les clients ne seront pas admissibles au TAEG de 0 %. Les options de paiement d\u00e9pendent du montant de votre achat, peuvent varier selon le commer\u00e7ant et ne sont pas disponibles dans toutes les provinces\/territoires. Les conditions r\u00e9elles des options de paiement seront affich\u00e9es lors du passage \u00e0 la caisse. Un acompte (ou un paiement d\u00fb aujourd\u2019hui) peut \u00eatre requis. Affirm accepte les cartes de d\u00e9bit et les PAD (pr\u00e9l\u00e8vements automatiques) comme modes de remboursement. Certaines options de paiement peuvent \u00eatre admissibles \u00e0 un remboursement par carte de cr\u00e9dit. Veuillez consulter les conditions g\u00e9n\u00e9rales de votre carte de cr\u00e9dit lorsque vous l\u2019utilisez comme mode de remboursement. Exemples d\u2019options de paiement : un achat de 800 $ peut \u00eatre r\u00e9parti en 12 paiements mensuels de 72,21 $ \u00e0 un TAEG de 15 %, ou en 4 paiements sans int\u00e9r\u00eat de 200 $ toutes les deux semaines. Pour plus d\u2019informations, veuillez consulter https:\/\/www.affirm.com\/en-ca\/how-it-works.<\/b><\/p><div><br><\/div>\t\t\t\t\t\t\t\t<\/div>\n\t\t\t\t<\/div>\n\t\t\t\t<div class=\"elementor-element elementor-element-8be70ff elementor-widget elementor-widget-image\" data-id=\"8be70ff\" data-element_type=\"widget\" data-widget_type=\"image.default\">\n\t\t\t\t<div class=\"elementor-widget-container\">\n\t\t\t\t\t\t\t\t\t\t\t\t\t\t\t<img decoding=\"async\" src=\"https:\/\/mbchef.cawp-content\/uploads\/2023\/09\/Captura-de-pantalla-2023-09-15-084107.jpg\" title=\"\" alt=\"\" loading=\"lazy\" \/>\t\t\t\t\t\t\t\t\t\t\t\t\t\t\t<\/div>\n\t\t\t\t<\/div>\n\t\t\t\t\t<\/div>\n\t\t<\/div>\n\t\t\t\t\t<\/div>\n\t\t<\/section>\n\t\t\t\t<\/div>","protected":false},"excerpt":{"rendered":"<p>Affirm Payment Plan Affirm Payment Plan We&#8217;re excited to bring you the extraordinary world of MBChef, and we&#8217;re thrilled to announce our partnership with Affirm to make it even more accessible. With Affirm, you can now enjoy the exceptional MBChef and pay for them over time, without the need for upfront, full payments. How Do [&hellip;]<\/p>\n","protected":false},"author":1,"featured_media":0,"parent":0,"menu_order":0,"comment_status":"closed","ping_status":"closed","template":"","meta":{"site-sidebar-layout":"no-sidebar","site-content-layout":"page-builder","ast-site-content-layout":"full-width-container","site-content-style":"default","site-sidebar-style":"default","ast-global-header-display":"","ast-banner-title-visibility":"","ast-main-header-display":"","ast-hfb-above-header-display":"","ast-hfb-below-header-display":"","ast-hfb-mobile-header-display":"","site-post-title":"disabled","ast-breadcrumbs-content":"","ast-featured-img":"disabled","footer-sml-layout":"","ast-disable-related-posts":"","theme-transparent-header-meta":"","adv-header-id-meta":"","stick-header-meta":"","header-above-stick-meta":"","header-main-stick-meta":"","header-below-stick-meta":"","astra-migrate-meta-layouts":"set","ast-page-background-enabled":"default","ast-page-background-meta":{"desktop":{"background-color":"var(--ast-global-color-4)","background-image":"","background-repeat":"repeat","background-position":"center center","background-size":"auto","background-attachment":"scroll","background-type":"","background-media":"","overlay-type":"","overlay-color":"","overlay-opacity":"","overlay-gradient":""},"tablet":{"background-color":"","background-image":"","background-repeat":"repeat","background-position":"center center","background-size":"auto","background-attachment":"scroll","background-type":"","background-media":"","overlay-type":"","overlay-color":"","overlay-opacity":"","overlay-gradient":""},"mobile":{"background-color":"","background-image":"","background-repeat":"repeat","background-position":"center center","background-size":"auto","background-attachment":"scroll","background-type":"","background-media":"","overlay-type":"","overlay-color":"","overlay-opacity":"","overlay-gradient":""}},"ast-content-background-meta":{"desktop":{"background-color":"var(--ast-global-color-5)","background-image":"","background-repeat":"repeat","background-position":"center center","background-size":"auto","background-attachment":"scroll","background-type":"","background-media":"","overlay-type":"","overlay-color":"","overlay-opacity":"","overlay-gradient":""},"tablet":{"background-color":"var(--ast-global-color-5)","background-image":"","background-repeat":"repeat","background-position":"center center","background-size":"auto","background-attachment":"scroll","background-type":"","background-media":"","overlay-type":"","overlay-color":"","overlay-opacity":"","overlay-gradient":""},"mobile":{"background-color":"var(--ast-global-color-5)","background-image":"","background-repeat":"repeat","background-position":"center center","background-size":"auto","background-attachment":"scroll","background-type":"","background-media":"","overlay-type":"","overlay-color":"","overlay-opacity":"","overlay-gradient":""}},"footnotes":""},"class_list":["post-1157","page","type-page","status-publish","hentry"],"_links":{"self":[{"href":"https:\/\/mbchef.ca\/fr_ca\/wp-json\/wp\/v2\/pages\/1157","targetHints":{"allow":["GET"]}}],"collection":[{"href":"https:\/\/mbchef.ca\/fr_ca\/wp-json\/wp\/v2\/pages"}],"about":[{"href":"https:\/\/mbchef.ca\/fr_ca\/wp-json\/wp\/v2\/types\/page"}],"author":[{"embeddable":true,"href":"https:\/\/mbchef.ca\/fr_ca\/wp-json\/wp\/v2\/users\/1"}],"replies":[{"embeddable":true,"href":"https:\/\/mbchef.ca\/fr_ca\/wp-json\/wp\/v2\/comments?post=1157"}],"version-history":[{"count":7,"href":"https:\/\/mbchef.ca\/fr_ca\/wp-json\/wp\/v2\/pages\/1157\/revisions"}],"predecessor-version":[{"id":8898,"href":"https:\/\/mbchef.ca\/fr_ca\/wp-json\/wp\/v2\/pages\/1157\/revisions\/8898"}],"wp:attachment":[{"href":"https:\/\/mbchef.ca\/fr_ca\/wp-json\/wp\/v2\/media?parent=1157"}],"curies":[{"name":"wp","href":"https:\/\/api.w.org\/{rel}","templated":true}]}}