{"id":4889,"date":"2023-10-10T12:28:32","date_gmt":"2023-10-10T19:28:32","guid":{"rendered":"https:\/\/mbchef.ca\/?post_type=product&#038;p=4889"},"modified":"2026-01-22T07:06:55","modified_gmt":"2026-01-22T15:06:55","slug":"emperor-propane-gas-oven","status":"publish","type":"product","link":"https:\/\/mbchef.ca\/fr_ca\/shop\/emperor-propane-gas-oven\/","title":{"rendered":"Four \u00e0 gaz propane Empereur"},"content":{"rendered":"<p><strong>empereur<\/strong><\/p>\n<p>D\u00e9tails du produit:<\/p>\n<ul>\n<li style=\"list-style-type: none;\">\n<ul>\n<li><strong>Marque:<\/strong> Chef MB<\/li>\n<\/ul>\n<\/li>\n<\/ul>\n<ul>\n<li style=\"list-style-type: none;\">\n<ul>\n<li><strong>Num\u00e9ro de mod\u00e8le:<\/strong> empereur<\/li>\n<\/ul>\n<\/li>\n<\/ul>\n<ul>\n<li style=\"list-style-type: none;\">\n<ul>\n<li><strong>Taper:<\/strong> Four \u00e0 pizza<\/li>\n<\/ul>\n<\/li>\n<\/ul>\n<ul>\n<li style=\"list-style-type: none;\">\n<ul>\n<li><strong>Source d&#039;\u00e9nergie:<\/strong> Gaz propane<\/li>\n<\/ul>\n<\/li>\n<\/ul>\n<ul>\n<li style=\"list-style-type: none;\">\n<ul>\n<li><strong>Installation:<\/strong> Sur pied<\/li>\n<\/ul>\n<\/li>\n<\/ul>\n<ul>\n<li style=\"list-style-type: none;\">\n<ul>\n<li><strong>Mat\u00e9riel:<\/strong> Stainless steel &#8211; Black<\/li>\n<\/ul>\n<\/li>\n<\/ul>\n<ul>\n<li style=\"list-style-type: none;\">\n<ul>\n<li><strong>Nombre de fours\u00a0:<\/strong> C\u00e9libataire<\/li>\n<\/ul>\n<\/li>\n<\/ul>\n<ul>\n<li style=\"list-style-type: none;\">\n<ul>\n<li><strong>Moule priv\u00e9\u00a0:<\/strong> Oui<\/li>\n<\/ul>\n<\/li>\n<\/ul>\n<ul>\n<li style=\"list-style-type: none;\">\n<ul>\n<li><strong>Contr\u00f4l\u00e9 par l&#039;application\u00a0:<\/strong> Non<\/li>\n<\/ul>\n<\/li>\n<\/ul>\n<ul>\n<li style=\"list-style-type: none;\">\n<ul>\n<li><strong>Mode de contr\u00f4le\u00a0:<\/strong> Contr\u00f4le de minuterie m\u00e9canique<\/li>\n<\/ul>\n<\/li>\n<\/ul>\n<ul>\n<li style=\"list-style-type: none;\">\n<ul>\n<li><strong>Fonction:<\/strong> Contr\u00f4le de la temp\u00e9rature<\/li>\n<li><strong>Unboxed Size:<\/strong> 22.5&#8243; x 22&#8243; x 19.25&#8243;<\/li>\n<li><strong>Cooking\u00a0Area<\/strong>: 13.75&#8243; x 13&#8243;<\/li>\n<\/ul>\n<\/li>\n<\/ul>\n<ul>\n<li style=\"list-style-type: none;\">\n<ul>\n<li><strong>Article inclus\u00a0:<\/strong> Pierre \u00e0 pizza de 12 pouces<\/li>\n<\/ul>\n<\/li>\n<\/ul>\n<p><strong>Application:<\/strong><\/p>\n<ul>\n<li style=\"list-style-type: none;\">\n<ul>\n<li>Convient pour une utilisation dans les voitures, les environnements ext\u00e9rieurs, les h\u00f4tels, les cuisines commerciales et les m\u00e9nages.<\/li>\n<\/ul>\n<\/li>\n<\/ul>\n<ul>\n<li style=\"list-style-type: none;\">\n<ul>\n<li>Peut \u00eatre utilis\u00e9 pour la cuisine, la p\u00e2tisserie, le barbecue et le fumage.<\/li>\n<\/ul>\n<\/li>\n<\/ul>\n<p><a href=\"https:\/\/mbchef.ca\/wp-content\/uploads\/2023\/12\/Frame-600.jpg\"><img fetchpriority=\"high\" decoding=\"async\" class=\"alignnone wp-image-6226 size-full\" src=\"https:\/\/mbchef.ca\/wp-content\/uploads\/2023\/12\/Frame-600.jpg\" alt=\"\" width=\"1320\" height=\"892\" srcset=\"https:\/\/mbchef.ca\/wp-content\/uploads\/2023\/12\/Frame-600.jpg 1320w, https:\/\/mbchef.ca\/wp-content\/uploads\/2023\/12\/Frame-600-300x203.jpg 300w, https:\/\/mbchef.ca\/wp-content\/uploads\/2023\/12\/Frame-600-768x519.jpg 768w, https:\/\/mbchef.ca\/wp-content\/uploads\/2023\/12\/Frame-600-1024x692.jpg 1024w, https:\/\/mbchef.ca\/wp-content\/uploads\/2023\/12\/Frame-600-18x12.jpg 18w, https:\/\/mbchef.ca\/wp-content\/uploads\/2023\/12\/Frame-600-600x405.jpg 600w\" sizes=\"(max-width: 1320px) 100vw, 1320px\" \/><\/a><\/p>","protected":false},"excerpt":{"rendered":"<p><a style=\"font-size: 12px; font-family: Lato, Arial, sans-serif; background-color: #ffffff;\" href=\"https:\/\/mbchef.ca\/wp-content\/uploads\/2023\/10\/Frame-602.png\"><img decoding=\"async\" class=\"alignnone wp-image-4106 size-full\" src=\"https:\/\/mbchef.ca\/wp-content\/uploads\/2023\/10\/Frame-602.png\" alt=\"\" width=\"300\" height=\"56\" srcset=\"https:\/\/mbchef.ca\/wp-content\/uploads\/2023\/10\/Frame-602.png 579w, https:\/\/mbchef.ca\/wp-content\/uploads\/2023\/10\/Frame-602-300x56.png 300w, https:\/\/mbchef.ca\/wp-content\/uploads\/2023\/10\/Frame-602-18x3.png 18w\" sizes=\"(max-width: 300px) 100vw, 300px\" \/><\/a><\/p>\n<ul>\n<li>Preheat and ready to cook in minutes.<\/li>\n<li>Easy cleaning and assemble.<\/li>\n<li>Pizza stone included, 12\u201dPizza design.<\/li>\n<li>Stainless steel construction.<\/li>\n<\/ul>","protected":false},"featured_media":10309,"template":"","meta":{"site-sidebar-layout":"default","site-content-layout":"","ast-site-content-layout":"default","site-content-style":"default","site-sidebar-style":"default","ast-global-header-display":"","ast-banner-title-visibility":"","ast-main-header-display":"","ast-hfb-above-header-display":"","ast-hfb-below-header-display":"","ast-hfb-mobile-header-display":"","site-post-title":"","ast-breadcrumbs-content":"","ast-featured-img":"","footer-sml-layout":"","ast-disable-related-posts":"","theme-transparent-header-meta":"default","adv-header-id-meta":"","stick-header-meta":"","header-above-stick-meta":"","header-main-stick-meta":"","header-below-stick-meta":"","astra-migrate-meta-layouts":"set","ast-page-background-enabled":"default","ast-page-background-meta":{"desktop":{"background-color":"var(--ast-global-color-4)","background-image":"","background-repeat":"repeat","background-position":"center center","background-size":"auto","background-attachment":"scroll","background-type":"","background-media":"","overlay-type":"","overlay-color":"","overlay-opacity":"","overlay-gradient":""},"tablet":{"background-color":"","background-image":"","background-repeat":"repeat","background-position":"center center","background-size":"auto","background-attachment":"scroll","background-type":"","background-media":"","overlay-type":"","overlay-color":"","overlay-opacity":"","overlay-gradient":""},"mobile":{"background-color":"","background-image":"","background-repeat":"repeat","background-position":"center center","background-size":"auto","background-attachment":"scroll","background-type":"","background-media":"","overlay-type":"","overlay-color":"","overlay-opacity":"","overlay-gradient":""}},"ast-content-background-meta":{"desktop":{"background-color":"var(--ast-global-color-5)","background-image":"","background-repeat":"repeat","background-position":"center center","background-size":"auto","background-attachment":"scroll","background-type":"","background-media":"","overlay-type":"","overlay-color":"","overlay-opacity":"","overlay-gradient":""},"tablet":{"background-color":"var(--ast-global-color-5)","background-image":"","background-repeat":"repeat","background-position":"center center","background-size":"auto","background-attachment":"scroll","background-type":"","background-media":"","overlay-type":"","overlay-color":"","overlay-opacity":"","overlay-gradient":""},"mobile":{"background-color":"var(--ast-global-color-5)","background-image":"","background-repeat":"repeat","background-position":"center center","background-size":"auto","background-attachment":"scroll","background-type":"","background-media":"","overlay-type":"","overlay-color":"","overlay-opacity":"","overlay-gradient":""}}},"product_brand":[],"product_cat":[142,33,139],"product_tag":[134],"class_list":{"0":"post-4889","1":"product","2":"type-product","3":"status-publish","4":"has-post-thumbnail","6":"product_cat-emperor","7":"product_cat-propane","8":"product_cat-small-ovens","9":"product_tag-emperor","10":"desktop-align-left","11":"tablet-align-left","12":"mobile-align-left","14":"first","15":"instock","16":"featured","17":"taxable","18":"shipping-taxable","19":"purchasable","20":"product-type-variable","21":"has-default-attributes"},"_links":{"self":[{"href":"https:\/\/mbchef.ca\/fr_ca\/wp-json\/wp\/v2\/product\/4889","targetHints":{"allow":["GET"]}}],"collection":[{"href":"https:\/\/mbchef.ca\/fr_ca\/wp-json\/wp\/v2\/product"}],"about":[{"href":"https:\/\/mbchef.ca\/fr_ca\/wp-json\/wp\/v2\/types\/product"}],"wp:featuredmedia":[{"embeddable":true,"href":"https:\/\/mbchef.ca\/fr_ca\/wp-json\/wp\/v2\/media\/10309"}],"wp:attachment":[{"href":"https:\/\/mbchef.ca\/fr_ca\/wp-json\/wp\/v2\/media?parent=4889"}],"wp:term":[{"taxonomy":"product_brand","embeddable":true,"href":"https:\/\/mbchef.ca\/fr_ca\/wp-json\/wp\/v2\/product_brand?post=4889"},{"taxonomy":"product_cat","embeddable":true,"href":"https:\/\/mbchef.ca\/fr_ca\/wp-json\/wp\/v2\/product_cat?post=4889"},{"taxonomy":"product_tag","embeddable":true,"href":"https:\/\/mbchef.ca\/fr_ca\/wp-json\/wp\/v2\/product_tag?post=4889"}],"curies":[{"name":"wp","href":"https:\/\/api.w.org\/{rel}","templated":true}]}}