{"id":9508,"date":"2024-06-17T09:08:30","date_gmt":"2024-06-17T16:08:30","guid":{"rendered":"https:\/\/mbchef.ca\/?post_type=product&#038;p=9508"},"modified":"2026-01-22T07:08:02","modified_gmt":"2026-01-22T15:08:02","slug":"elegance-wood-oven","status":"publish","type":"product","link":"https:\/\/mbchef.ca\/fr_ca\/shop\/elegance-wood-oven\/","title":{"rendered":"Elegance Wood Fired Oven"},"content":{"rendered":"<p data-sourcepos=\"3:1-3:190\">Enjoy delicious and crispy pizzas from the comfort of your home with the MB Chef outdoor oven. This Elegance oven is designed to perfectly cook pizza, bread, meats, and other foods.<\/p>\n<p data-sourcepos=\"5:1-5:13\"><strong>Caract\u00e9ristiques:<\/strong><\/p>\n<ul data-sourcepos=\"7:1-14:0\">\n<li style=\"list-style-type: none;\">\n<ul data-sourcepos=\"7:1-14:0\">\n<li data-sourcepos=\"7:1-7:24\">Finition en acier inoxydable<\/li>\n<\/ul>\n<\/li>\n<\/ul>\n<ul>\n<li style=\"list-style-type: none;\">\n<ul data-sourcepos=\"7:1-14:0\">\n<li data-sourcepos=\"10:1-10:22\">Built-in thermometer<\/li>\n<\/ul>\n<ul data-sourcepos=\"7:1-14:0\">\n<li data-sourcepos=\"13:1-14:0\">Contr\u00f4le de la temp\u00e9rature<\/li>\n<\/ul>\n<\/li>\n<\/ul>\n<p data-sourcepos=\"15:1-15:19\"><strong>Technical Specifications:<\/strong><\/p>\n<ul data-sourcepos=\"17:1-24:0\">\n<li style=\"list-style-type: none;\">\n<ul data-sourcepos=\"17:1-24:0\">\n<li>Unboxed Size: 36&#8243; x 35&#8243; x 28.5&#8243;<\/li>\n<li>Cooking\u00a0Area: 25 1\/4&#8243; x 29 1\/2&#8243;<\/li>\n<\/ul>\n<\/li>\n<\/ul>\n<ul data-sourcepos=\"17:1-24:0\">\n<li style=\"list-style-type: none;\">\n<ul data-sourcepos=\"17:1-24:0\">\n<li>Heating time: 20-30 minutes<\/li>\n<\/ul>\n<\/li>\n<\/ul>\n<ul data-sourcepos=\"17:1-24:0\">\n<li style=\"list-style-type: none;\">\n<ul data-sourcepos=\"17:1-24:0\">\n<li>Burner BTU: 1 x 35000 BTU<\/li>\n<\/ul>\n<\/li>\n<\/ul>\n<p data-sourcepos=\"25:1-25:13\"><strong>Avantages:<\/strong><\/p>\n<p>&nbsp;<\/p>\n<ul data-sourcepos=\"27:1-31:0\">\n<li style=\"list-style-type: none;\">\n<ul data-sourcepos=\"27:1-31:0\">\n<li>D\u00e9gustez des pizzas d\u00e9licieuses et croustillantes \u00e0 la maison.<\/li>\n<\/ul>\n<\/li>\n<\/ul>\n<ul data-sourcepos=\"27:1-31:0\">\n<li style=\"list-style-type: none;\">\n<ul data-sourcepos=\"27:1-31:0\">\n<li>The oven is easy to assemble and clean.<\/li>\n<\/ul>\n<\/li>\n<\/ul>\n<ul data-sourcepos=\"27:1-31:0\">\n<li style=\"list-style-type: none;\">\n<ul data-sourcepos=\"27:1-31:0\">\n<li>You can control the cooking time and temperature with the mechanical timer.<\/li>\n<\/ul>\n<\/li>\n<\/ul>\n<p data-sourcepos=\"32:1-32:86\"><strong>Ready to enjoy delicious pizzas at home? Buy the MB Chef outdoor oven today!<\/strong><\/p>\n<p data-sourcepos=\"3:1-3:190\"><a style=\"font-size: 16px; background-color: #ffffff;\" href=\"https:\/\/mbchef.ca\/wp-content\/uploads\/2023\/10\/wood-elegance.jpg\"><img fetchpriority=\"high\" decoding=\"async\" class=\"alignnone wp-image-5195 size-full\" src=\"https:\/\/mbchef.ca\/wp-content\/uploads\/2023\/10\/wood-elegance.jpg\" alt=\"\" width=\"1321\" height=\"893\" srcset=\"https:\/\/mbchef.ca\/wp-content\/uploads\/2023\/10\/wood-elegance.jpg 1321w, https:\/\/mbchef.ca\/wp-content\/uploads\/2023\/10\/wood-elegance-300x203.jpg 300w, https:\/\/mbchef.ca\/wp-content\/uploads\/2023\/10\/wood-elegance-768x519.jpg 768w, https:\/\/mbchef.ca\/wp-content\/uploads\/2023\/10\/wood-elegance-1024x692.jpg 1024w, https:\/\/mbchef.ca\/wp-content\/uploads\/2023\/10\/wood-elegance-18x12.jpg 18w, https:\/\/mbchef.ca\/wp-content\/uploads\/2023\/10\/wood-elegance-600x406.jpg 600w\" sizes=\"(max-width: 1321px) 100vw, 1321px\" \/><\/a><\/p>","protected":false},"excerpt":{"rendered":"<p><a style=\"font-size: 12px; font-family: Lato, Arial, sans-serif; background-color: #ffffff;\" href=\"https:\/\/mbchef.ca\/wp-content\/uploads\/2024\/06\/nocover.png\"><img decoding=\"async\" class=\"alignnone wp-image-9630 size-full\" src=\"https:\/\/mbchef.ca\/wp-content\/uploads\/2024\/06\/nocover.png\" alt=\"\" width=\"300\" height=\"56\" srcset=\"https:\/\/mbchef.ca\/wp-content\/uploads\/2024\/06\/nocover.png 579w, https:\/\/mbchef.ca\/wp-content\/uploads\/2024\/06\/nocover-300x56.png 300w, https:\/\/mbchef.ca\/wp-content\/uploads\/2024\/06\/nocover-18x3.png 18w\" sizes=\"(max-width: 300px) 100vw, 300px\" \/><\/a><\/p>\n<ul>\n<li>Includes <strong>free<\/strong>\u00a0pizza cutter, pizza peel, pizza\/pie server, and brush.<\/li>\n<\/ul>\n<ul data-sourcepos=\"7:1-13:0\">\n<li data-sourcepos=\"7:1-7:24\">Finition en acier inoxydable<\/li>\n<li data-sourcepos=\"8:1-8:18\">Easy to assemble<\/li>\n<li data-sourcepos=\"9:1-9:24\">Piezoelectric ignition<\/li>\n<li data-sourcepos=\"10:1-10:22\">Built-in thermometer<\/li>\n<li data-sourcepos=\"11:1-11:25\">Wood Fuel Type<\/li>\n<li data-sourcepos=\"12:1-12:26\">Mechanical timer control<\/li>\n<li data-sourcepos=\"13:1-14:0\">Contr\u00f4le de la temp\u00e9rature<\/li>\n<\/ul>","protected":false},"featured_media":10310,"template":"","meta":{"site-sidebar-layout":"default","site-content-layout":"","ast-site-content-layout":"default","site-content-style":"default","site-sidebar-style":"default","ast-global-header-display":"","ast-banner-title-visibility":"","ast-main-header-display":"","ast-hfb-above-header-display":"","ast-hfb-below-header-display":"","ast-hfb-mobile-header-display":"","site-post-title":"","ast-breadcrumbs-content":"","ast-featured-img":"","footer-sml-layout":"","ast-disable-related-posts":"","theme-transparent-header-meta":"default","adv-header-id-meta":"","stick-header-meta":"","header-above-stick-meta":"","header-main-stick-meta":"","header-below-stick-meta":"","astra-migrate-meta-layouts":"set","ast-page-background-enabled":"default","ast-page-background-meta":{"desktop":{"background-color":"var(--ast-global-color-4)","background-image":"","background-repeat":"repeat","background-position":"center center","background-size":"auto","background-attachment":"scroll","background-type":"","background-media":"","overlay-type":"","overlay-color":"","overlay-opacity":"","overlay-gradient":""},"tablet":{"background-color":"","background-image":"","background-repeat":"repeat","background-position":"center center","background-size":"auto","background-attachment":"scroll","background-type":"","background-media":"","overlay-type":"","overlay-color":"","overlay-opacity":"","overlay-gradient":""},"mobile":{"background-color":"","background-image":"","background-repeat":"repeat","background-position":"center center","background-size":"auto","background-attachment":"scroll","background-type":"","background-media":"","overlay-type":"","overlay-color":"","overlay-opacity":"","overlay-gradient":""}},"ast-content-background-meta":{"desktop":{"background-color":"var(--ast-global-color-5)","background-image":"","background-repeat":"repeat","background-position":"center center","background-size":"auto","background-attachment":"scroll","background-type":"","background-media":"","overlay-type":"","overlay-color":"","overlay-opacity":"","overlay-gradient":""},"tablet":{"background-color":"var(--ast-global-color-5)","background-image":"","background-repeat":"repeat","background-position":"center center","background-size":"auto","background-attachment":"scroll","background-type":"","background-media":"","overlay-type":"","overlay-color":"","overlay-opacity":"","overlay-gradient":""},"mobile":{"background-color":"var(--ast-global-color-5)","background-image":"","background-repeat":"repeat","background-position":"center center","background-size":"auto","background-attachment":"scroll","background-type":"","background-media":"","overlay-type":"","overlay-color":"","overlay-opacity":"","overlay-gradient":""}}},"product_brand":[],"product_cat":[140,32],"product_tag":[133],"class_list":{"0":"post-9508","1":"product","2":"type-product","3":"status-publish","4":"has-post-thumbnail","6":"product_cat-standard-ovens","7":"product_cat-wood","8":"product_tag-elegance","9":"desktop-align-left","10":"tablet-align-left","11":"mobile-align-left","13":"first","14":"instock","15":"taxable","16":"shipping-taxable","17":"purchasable","18":"product-type-variable","19":"has-default-attributes"},"_links":{"self":[{"href":"https:\/\/mbchef.ca\/fr_ca\/wp-json\/wp\/v2\/product\/9508","targetHints":{"allow":["GET"]}}],"collection":[{"href":"https:\/\/mbchef.ca\/fr_ca\/wp-json\/wp\/v2\/product"}],"about":[{"href":"https:\/\/mbchef.ca\/fr_ca\/wp-json\/wp\/v2\/types\/product"}],"wp:featuredmedia":[{"embeddable":true,"href":"https:\/\/mbchef.ca\/fr_ca\/wp-json\/wp\/v2\/media\/10310"}],"wp:attachment":[{"href":"https:\/\/mbchef.ca\/fr_ca\/wp-json\/wp\/v2\/media?parent=9508"}],"wp:term":[{"taxonomy":"product_brand","embeddable":true,"href":"https:\/\/mbchef.ca\/fr_ca\/wp-json\/wp\/v2\/product_brand?post=9508"},{"taxonomy":"product_cat","embeddable":true,"href":"https:\/\/mbchef.ca\/fr_ca\/wp-json\/wp\/v2\/product_cat?post=9508"},{"taxonomy":"product_tag","embeddable":true,"href":"https:\/\/mbchef.ca\/fr_ca\/wp-json\/wp\/v2\/product_tag?post=9508"}],"curies":[{"name":"wp","href":"https:\/\/api.w.org\/{rel}","templated":true}]}}